{"id":4095,"date":"2024-09-26T09:54:46","date_gmt":"2024-09-26T08:54:46","guid":{"rendered":"https:\/\/mielewsz.ch\/condizioni-di-utilizzo\/"},"modified":"2024-10-01T13:36:51","modified_gmt":"2024-10-01T12:36:51","slug":"condizioni-di-utilizzo","status":"publish","type":"page","link":"https:\/\/mielewsz.ch\/it\/condizioni-di-utilizzo\/","title":{"rendered":"Condizioni di utilizzo"},"content":{"rendered":"\t\t<div data-elementor-type=\"wp-page\" data-elementor-id=\"4095\" class=\"elementor elementor-4095 elementor-4071\" data-elementor-post-type=\"page\">\n\t\t\t\t\t\t<section class=\"elementor-section elementor-top-section elementor-element elementor-element-b6022e9 elementor-section-full_width onpage-nav elementor-section-height-default elementor-section-height-default\" data-id=\"b6022e9\" data-element_type=\"section\">\n\t\t\t\t\t\t<div class=\"elementor-container elementor-column-gap-default\">\n\t\t\t\t\t<div class=\"elementor-column elementor-col-100 elementor-top-column elementor-element elementor-element-d61dc62\" data-id=\"d61dc62\" data-element_type=\"column\">\n\t\t\t<div class=\"elementor-widget-wrap elementor-element-populated\">\n\t\t\t\t\t\t<div class=\"elementor-element elementor-element-54cdec6 elementor-nav-menu--dropdown-none elementor-widget elementor-widget-nav-menu\" data-id=\"54cdec6\" data-element_type=\"widget\" data-settings=\"{&quot;layout&quot;:&quot;horizontal&quot;,&quot;submenu_icon&quot;:{&quot;value&quot;:&quot;&lt;i class=\\&quot;fas fa-caret-down\\&quot;&gt;&lt;\\\/i&gt;&quot;,&quot;library&quot;:&quot;fa-solid&quot;}}\" data-widget_type=\"nav-menu.default\">\n\t\t\t\t<div class=\"elementor-widget-container\">\n\t\t\t<link rel=\"stylesheet\" href=\"https:\/\/mielewsz.ch\/wp-content\/plugins\/elementor-pro\/assets\/css\/widget-nav-menu.min.css\">\t\t\t<nav class=\"elementor-nav-menu--main elementor-nav-menu__container elementor-nav-menu--layout-horizontal e--pointer-none\">\n\t\t\t\t<ul id=\"menu-1-54cdec6\" class=\"elementor-nav-menu\"><li class=\"menu-item menu-item-type-custom menu-item-object-custom menu-item-1914\"><a href=\"\/it\" class=\"elementor-item\">#NOISIAMOILFUTURO<\/a><\/li>\n<li class=\"menu-item menu-item-type-custom menu-item-object-custom menu-item-1915\"><a href=\"\/it#obiettivi\" class=\"elementor-item elementor-item-anchor\">I nostri obiettivi<\/a><\/li>\n<li class=\"menu-item menu-item-type-post_type menu-item-object-page menu-item-2704\"><a href=\"https:\/\/mielewsz.ch\/it\/miele-logistica\/\" class=\"elementor-item\">Miele Logistica<\/a><\/li>\n<li class=\"menu-item menu-item-type-custom menu-item-object-custom menu-item-1917\"><a href=\"\/it#economiacircolare\" class=\"elementor-item elementor-item-anchor\">Economia circolare<\/a><\/li>\n<li class=\"menu-item menu-item-type-post_type menu-item-object-page menu-item-has-children menu-item-3475\"><a href=\"https:\/\/mielewsz.ch\/it\/sustainable-fashion\/\" class=\"elementor-item\">Sustainable Fashion<\/a>\n<ul class=\"sub-menu elementor-nav-menu--dropdown\">\n\t<li class=\"menu-item menu-item-type-post_type menu-item-object-page menu-item-3500\"><a href=\"https:\/\/mielewsz.ch\/it\/miele-x-mode-suisse\/\" class=\"elementor-sub-item\">Miele x Mode Suisse<\/a><\/li>\n\t<li class=\"menu-item menu-item-type-post_type menu-item-object-page menu-item-3501\"><a href=\"https:\/\/mielewsz.ch\/it\/annabelle-x-miele-swap\/\" class=\"elementor-sub-item\">annabelle x Miele Swap<\/a><\/li>\n<\/ul>\n<\/li>\n<li class=\"menu-item menu-item-type-custom menu-item-object-custom menu-item-1918\"><a href=\"\/it#rapporto\" class=\"elementor-item elementor-item-anchor\">Rapporto di sostenibilit\u00e0<\/a><\/li>\n<li class=\"menu-item menu-item-type-custom menu-item-object-custom menu-item-1933\"><a href=\"\/\" class=\"elementor-item\">DE<\/a><\/li>\n<li class=\"menu-item menu-item-type-custom menu-item-object-custom menu-item-1934\"><a href=\"\/fr\" class=\"elementor-item\">FR<\/a><\/li>\n<\/ul>\t\t\t<\/nav>\n\t\t\t\t\t\t<nav class=\"elementor-nav-menu--dropdown elementor-nav-menu__container\" aria-hidden=\"true\">\n\t\t\t\t<ul id=\"menu-2-54cdec6\" class=\"elementor-nav-menu\"><li class=\"menu-item menu-item-type-custom menu-item-object-custom menu-item-1914\"><a href=\"\/it\" class=\"elementor-item\" tabindex=\"-1\">#NOISIAMOILFUTURO<\/a><\/li>\n<li class=\"menu-item menu-item-type-custom menu-item-object-custom menu-item-1915\"><a href=\"\/it#obiettivi\" class=\"elementor-item elementor-item-anchor\" tabindex=\"-1\">I nostri obiettivi<\/a><\/li>\n<li class=\"menu-item menu-item-type-post_type menu-item-object-page menu-item-2704\"><a href=\"https:\/\/mielewsz.ch\/it\/miele-logistica\/\" class=\"elementor-item\" tabindex=\"-1\">Miele Logistica<\/a><\/li>\n<li class=\"menu-item menu-item-type-custom menu-item-object-custom menu-item-1917\"><a href=\"\/it#economiacircolare\" class=\"elementor-item elementor-item-anchor\" tabindex=\"-1\">Economia circolare<\/a><\/li>\n<li class=\"menu-item menu-item-type-post_type menu-item-object-page menu-item-has-children menu-item-3475\"><a href=\"https:\/\/mielewsz.ch\/it\/sustainable-fashion\/\" class=\"elementor-item\" tabindex=\"-1\">Sustainable Fashion<\/a>\n<ul class=\"sub-menu elementor-nav-menu--dropdown\">\n\t<li class=\"menu-item menu-item-type-post_type menu-item-object-page menu-item-3500\"><a href=\"https:\/\/mielewsz.ch\/it\/miele-x-mode-suisse\/\" class=\"elementor-sub-item\" tabindex=\"-1\">Miele x Mode Suisse<\/a><\/li>\n\t<li class=\"menu-item menu-item-type-post_type menu-item-object-page menu-item-3501\"><a href=\"https:\/\/mielewsz.ch\/it\/annabelle-x-miele-swap\/\" class=\"elementor-sub-item\" tabindex=\"-1\">annabelle x Miele Swap<\/a><\/li>\n<\/ul>\n<\/li>\n<li class=\"menu-item menu-item-type-custom menu-item-object-custom menu-item-1918\"><a href=\"\/it#rapporto\" class=\"elementor-item elementor-item-anchor\" tabindex=\"-1\">Rapporto di sostenibilit\u00e0<\/a><\/li>\n<li class=\"menu-item menu-item-type-custom menu-item-object-custom menu-item-1933\"><a href=\"\/\" class=\"elementor-item\" tabindex=\"-1\">DE<\/a><\/li>\n<li class=\"menu-item menu-item-type-custom menu-item-object-custom menu-item-1934\"><a href=\"\/fr\" class=\"elementor-item\" tabindex=\"-1\">FR<\/a><\/li>\n<\/ul>\t\t\t<\/nav>\n\t\t\t\t<\/div>\n\t\t\t\t<\/div>\n\t\t\t\t\t<\/div>\n\t\t<\/div>\n\t\t\t\t\t<\/div>\n\t\t<\/section>\n\t\t\t\t<section class=\"elementor-section elementor-top-section elementor-element elementor-element-f1ddc14 elementor-section-boxed elementor-section-height-default elementor-section-height-default\" data-id=\"f1ddc14\" data-element_type=\"section\">\n\t\t\t\t\t\t<div class=\"elementor-container elementor-column-gap-default\">\n\t\t\t\t\t<div class=\"elementor-column elementor-col-100 elementor-top-column elementor-element elementor-element-63b43d6\" data-id=\"63b43d6\" data-element_type=\"column\">\n\t\t\t<div class=\"elementor-widget-wrap elementor-element-populated\">\n\t\t\t\t\t\t<div class=\"elementor-element elementor-element-dcf3d26 elementor-widget elementor-widget-text-editor\" data-id=\"dcf3d26\" data-element_type=\"widget\" data-widget_type=\"text-editor.default\">\n\t\t\t\t<div class=\"elementor-widget-container\">\n\t\t\t<style>\/*! elementor - v3.21.0 - 25-04-2024 *\/\n.elementor-widget-text-editor.elementor-drop-cap-view-stacked .elementor-drop-cap{background-color:#69727d;color:#fff}.elementor-widget-text-editor.elementor-drop-cap-view-framed .elementor-drop-cap{color:#69727d;border:3px solid;background-color:transparent}.elementor-widget-text-editor:not(.elementor-drop-cap-view-default) .elementor-drop-cap{margin-top:8px}.elementor-widget-text-editor:not(.elementor-drop-cap-view-default) .elementor-drop-cap-letter{width:1em;height:1em}.elementor-widget-text-editor .elementor-drop-cap{float:left;text-align:center;line-height:1;font-size:50px}.elementor-widget-text-editor .elementor-drop-cap-letter{display:inline-block}<\/style>\t\t\t\t<p class=\"p1\" style=\"text-align: left;\"><b>Download Miele<\/b><\/p>\n<p class=\"p1\" style=\"text-align: left;\">1. Il presente accordo regola il download e l&#8217;utilizzo del software e delle informazioni messi a disposizione da parte di Miele. Con il download, l&#8217;utente dichiara il suo consenso al presente accordo. <\/p>\n<p class=\"p1\" style=\"text-align: left;\">2. I download sono in genere disponibili 24 ore al giorno, sette giorni alla settimana. Miele non ne garantisce tuttavia una disponibilit\u00e0 ininterrotta a causa della natura di Internet e delle caratteristiche intrinseche dei sistemi informatici. <\/p>\n<p class=\"p1\" style=\"text-align: left;\">3. I download sono aggiornati in modo standard. Miele si riserva il diritto di poter modificare in ogni momento le informazioni e il software, in particolare per un loro ulteriore sviluppo a fini tecnici o commerciali o a seguito di mutate condizioni, anche di natura economica di prezzo, senza necessit\u00e0 di preavviso o altro ragguaglio in tal senso.  <\/p>\n<\/p>\n<p class=\"p1\" style=\"text-align: left;\"><b>Diritti e doveri di utilizzo<\/b><\/p>\n<p class=\"p1\" style=\"text-align: left;\">1. I contenuti sono tutelati giuridicamente a favore di Miele o di parti terze, in particolare sotto il profilo dei diritti d&#8217;autore. L&#8217;utilizzo, soprattutto la duplicazione, la diffusione, la presentazione, la rappresentazione, l&#8217;invio, la messa a disposizione e ogni altro tipo di riproduzione, nonch\u00e9 eventuali modifiche e riorganizzazioni sono ammissibili solo a fronte di esplicito consenso scritto da parte di Miele o altri titolari dei diritti in questione. <\/p>\n<p class=\"p1\" style=\"text-align: left;\">2. Il software Miele non pu\u00f2 essere copiato, rivenduto, dato in prestito e ceduto a terzi non autorizzati. Il software Miele contiene segreti commerciali. Per questo motivo il software non pu\u00f2 essere soggetto a ingegneria inversa, non pu\u00f2 essere decompilato, scomposto o manipolato in altra forma utilizzabile.  <\/p>\n<p class=\"p1\" style=\"text-align: left;\">3. Le limitazioni al diritto d&#8217;uso previste ai paragrafi precedenti non ostano alla normativa sui diritti d&#8217;autore, qualora quest&#8217;ultima sancisca che un utilizzo alle condizioni stabilite non richiede in via eccezionale alcun tipo di consenso.<\/p>\n<p class=\"p1\" style=\"text-align: left;\">4. Miele concede all&#8217;utente il semplice diritto, revocabile in ogni momento, non esclusivo e non trasferibile per l&#8217;utilizzo dei download a sostegno della gestione aziendale all&#8217;interno di accordi commerciali in essere con Miele. Eventuali diritti d&#8217;autore e disposizioni simili sono da adottare immutati. <\/p>\n<p class=\"p1\" style=\"text-align: left;\">5. Sono autorizzate a partecipare le persone a partire dai 18 anni di et\u00e0 che hanno il loro domicilio legale in Svizzera. La partecipazione \u00e8 gratuita e non comporta alcun impegno. <br \/>Sono esclusi dalla partecipazione i collaboratori di Miele SA, nonch\u00e9 i loro parenti stretti. Inoltre non possono partecipare le associazioni per giochi a premi, i servizi automatizzati e altre entit\u00e0 professionali \/ commerciali. <\/p>\n<\/p>\n<p class=\"p1\" style=\"text-align: left;\"><b>Responsabilit\u00e0<\/b><\/p>\n<p class=\"p1\" style=\"text-align: left;\">1. In virt\u00f9 del presente accordo, cos\u00ec come dei contenuti e dei download messi a disposizione non viene assunto o concesso alcun tipo di garanzia. Da essi non scaturisce altres\u00ec alcun diritto in tal senso. <\/p>\n<p class=\"p1\" style=\"text-align: left;\">2. Si esclude in capo a Miele ogni responsabilit\u00e0 per la correttezza, la completezza, la qualit\u00e0 e l&#8217;affidabilit\u00e0 delle informazioni, cos\u00ec come per i risultati che si possono raggiungere attraverso l&#8217;utilizzo di tali informazioni. Miele non risponde di qualsivoglia danno consequenziale derivante dall&#8217;utilizzo dei download come ad es. l&#8217;interruzione del servizio, il mancato guadagno, la perdita di dati e di informazioni. Decisioni sull&#8217;uso del software messo a disposizione tramite download da Miele devono essere prese dall&#8217;utente solo previo accordo con Miele.  <\/p>\n<p class=\"p1\" style=\"text-align: left;\">3. Miele non risponde di danni arrecati all&#8217;utente, di qualsivoglia natura giuridica, derivanti dall&#8217;uso, dall&#8217;impossibilit\u00e0 d&#8217;uso, da eventuali errori di hardware o software o da impostazioni di sistema sbagliate. L&#8217;utilizzo dei download avviene a proprio rischio e pericolo. Miele non si assume alcuna responsabilit\u00e0 per il software e le informazioni, in particolare in merito alla loro utilizzabilit\u00e0, correttezza, completezza e assenza di virus.   <\/p>\n<p class=\"p1\" style=\"text-align: left;\">4. La responsabilit\u00e0 di Miele \u00e8 inoltre esclusa per danni causati da virus, cavalli di Troia, virus hoax o programmazioni simili, cos\u00ec come per programmi, parti di programma o codici scaturiti da una tale compromissione, distruzione o soppressione dei sistemi o parte degli stessi. L&#8217;utente adotter\u00e0 autonomamente misure di protezione nei confronti di virus e altri dati distruttivi. <\/p>\n<p class=\"p1\" style=\"text-align: left;\">5. Si esclude la responsabilit\u00e0 di Miele per una trasmissione difettosa dei dati inviatile, la manipolazione degli stessi da parte di terzi, in particolare tramite accesso non autorizzato alla rete e ai sistemi di Miele, salvo che tali accessi non siano da ricondurre a Miele stessa<\/p>\n<p class=\"p1\" style=\"text-align: left;\">6. Non si esclude la responsabilit\u00e0, della quale si risponde in maniera imperativa, ad es. per dolo e colpa grave, in caso di garanzie di qualit\u00e0 o a causa di violazione di obblighi contrattuali sostanziali, di mancata tutela della vita, del corpo o della salute, nonch\u00e9 la responsabilit\u00e0 derivante dalla legge sulla responsabilit\u00e0 per danno da prodotti. Il risarcimento del danno a causa della violazione di obblighi contrattuali sostanziali \u00e8 tuttavia limitato ai danni contrattuali tipici, ai danni prevedibili, esclusi il dolo o la colpa grave. Non vi \u00e8 associata un&#8217;inversione dell&#8217;onere della prova a danno dell&#8217;utente.  <\/p>\n<\/p>\n<p class=\"p1\" style=\"text-align: left;\"><b>Visualizzazione dei file pdf<\/b><\/p>\n<p class=\"p1\" style=\"text-align: left;\">Per visualizzare i file PDF, \u00e8 necessario Adobe Acrobat Reader.<\/p>\n\t\t\t\t\t\t<\/div>\n\t\t\t\t<\/div>\n\t\t\t\t\t<\/div>\n\t\t<\/div>\n\t\t\t\t\t<\/div>\n\t\t<\/section>\n\t\t\t\t<\/div>\n\t\t","protected":false},"excerpt":{"rendered":"<p>Download Miele 1. Il presente accordo regola il download e l&#8217;utilizzo del software e delle informazioni messi a disposizione da parte di Miele. Con il download, l&#8217;utente dichiara il suo consenso al presente accordo. 2. I download sono in genere disponibili 24 ore al giorno, sette giorni alla settimana. Miele non ne garantisce tuttavia una [&hellip;]<\/p>\n","protected":false},"author":1,"featured_media":0,"parent":0,"menu_order":0,"comment_status":"closed","ping_status":"closed","template":"","meta":{"footnotes":""},"yoast_head":"<!-- This site is optimized with the Yoast SEO plugin v24.5 - https:\/\/yoast.com\/wordpress\/plugins\/seo\/ -->\n<title>Condizioni di utilizzo - Miele - #WIRSINDZUKUNFT<\/title>\n<meta name=\"robots\" content=\"index, follow, max-snippet:-1, max-image-preview:large, max-video-preview:-1\" \/>\n<link rel=\"canonical\" href=\"https:\/\/mielewsz.ch\/it\/condizioni-di-utilizzo\/\" \/>\n<meta property=\"og:locale\" content=\"it_IT\" \/>\n<meta property=\"og:type\" content=\"article\" \/>\n<meta property=\"og:title\" content=\"Condizioni di utilizzo - Miele - #WIRSINDZUKUNFT\" \/>\n<meta property=\"og:description\" content=\"Download Miele 1. Il presente accordo regola il download e l&#8217;utilizzo del software e delle informazioni messi a disposizione da parte di Miele. Con il download, l&#8217;utente dichiara il suo consenso al presente accordo. 2. I download sono in genere disponibili 24 ore al giorno, sette giorni alla settimana. Miele non ne garantisce tuttavia una [&hellip;]\" \/>\n<meta property=\"og:url\" content=\"https:\/\/mielewsz.ch\/it\/condizioni-di-utilizzo\/\" \/>\n<meta property=\"og:site_name\" content=\"Miele - #WIRSINDZUKUNFT\" \/>\n<meta property=\"article:modified_time\" content=\"2024-10-01T12:36:51+00:00\" \/>\n<meta name=\"twitter:card\" content=\"summary_large_image\" \/>\n<script type=\"application\/ld+json\" class=\"yoast-schema-graph\">{\"@context\":\"https:\/\/schema.org\",\"@graph\":[{\"@type\":\"WebPage\",\"@id\":\"https:\/\/mielewsz.ch\/it\/condizioni-di-utilizzo\/\",\"url\":\"https:\/\/mielewsz.ch\/it\/condizioni-di-utilizzo\/\",\"name\":\"Condizioni di utilizzo - Miele - #WIRSINDZUKUNFT\",\"isPartOf\":{\"@id\":\"https:\/\/mielewsz.ch\/it\/#website\"},\"datePublished\":\"2024-09-26T08:54:46+00:00\",\"dateModified\":\"2024-10-01T12:36:51+00:00\",\"breadcrumb\":{\"@id\":\"https:\/\/mielewsz.ch\/it\/condizioni-di-utilizzo\/#breadcrumb\"},\"inLanguage\":\"it-IT\",\"potentialAction\":[{\"@type\":\"ReadAction\",\"target\":[\"https:\/\/mielewsz.ch\/it\/condizioni-di-utilizzo\/\"]}]},{\"@type\":\"BreadcrumbList\",\"@id\":\"https:\/\/mielewsz.ch\/it\/condizioni-di-utilizzo\/#breadcrumb\",\"itemListElement\":[{\"@type\":\"ListItem\",\"position\":1,\"name\":\"Startseite\",\"item\":\"https:\/\/mielewsz.ch\/it\/miele-wirsindfuture\/\"},{\"@type\":\"ListItem\",\"position\":2,\"name\":\"Condizioni di utilizzo\"}]},{\"@type\":\"WebSite\",\"@id\":\"https:\/\/mielewsz.ch\/it\/#website\",\"url\":\"https:\/\/mielewsz.ch\/it\/\",\"name\":\"Miele - #WIRSINDZUKUNFT\",\"description\":\"Die Kampagne #WIRSINDZUKUNFT animiert die Schweizer Haushalte zu mehr Nachhaltigkeit, Energieeffizienz und Klimaschutz im eigenen Alltag.\",\"publisher\":{\"@id\":\"https:\/\/mielewsz.ch\/it\/#organization\"},\"potentialAction\":[{\"@type\":\"SearchAction\",\"target\":{\"@type\":\"EntryPoint\",\"urlTemplate\":\"https:\/\/mielewsz.ch\/it\/?s={search_term_string}\"},\"query-input\":{\"@type\":\"PropertyValueSpecification\",\"valueRequired\":true,\"valueName\":\"search_term_string\"}}],\"inLanguage\":\"it-IT\"},{\"@type\":\"Organization\",\"@id\":\"https:\/\/mielewsz.ch\/it\/#organization\",\"name\":\"Miele Schweiz\",\"url\":\"https:\/\/mielewsz.ch\/it\/\",\"logo\":{\"@type\":\"ImageObject\",\"inLanguage\":\"it-IT\",\"@id\":\"https:\/\/mielewsz.ch\/it\/#\/schema\/logo\/image\/\",\"url\":\"https:\/\/mielewsz.ch\/wp-content\/uploads\/2022\/01\/Miele_Logo_Red.svg\",\"contentUrl\":\"https:\/\/mielewsz.ch\/wp-content\/uploads\/2022\/01\/Miele_Logo_Red.svg\",\"width\":1,\"height\":1,\"caption\":\"Miele Schweiz\"},\"image\":{\"@id\":\"https:\/\/mielewsz.ch\/it\/#\/schema\/logo\/image\/\"}}]}<\/script>\n<!-- \/ Yoast SEO plugin. -->","yoast_head_json":{"title":"Condizioni di utilizzo - Miele - #WIRSINDZUKUNFT","robots":{"index":"index","follow":"follow","max-snippet":"max-snippet:-1","max-image-preview":"max-image-preview:large","max-video-preview":"max-video-preview:-1"},"canonical":"https:\/\/mielewsz.ch\/it\/condizioni-di-utilizzo\/","og_locale":"it_IT","og_type":"article","og_title":"Condizioni di utilizzo - Miele - #WIRSINDZUKUNFT","og_description":"Download Miele 1. Il presente accordo regola il download e l&#8217;utilizzo del software e delle informazioni messi a disposizione da parte di Miele. Con il download, l&#8217;utente dichiara il suo consenso al presente accordo. 2. I download sono in genere disponibili 24 ore al giorno, sette giorni alla settimana. Miele non ne garantisce tuttavia una [&hellip;]","og_url":"https:\/\/mielewsz.ch\/it\/condizioni-di-utilizzo\/","og_site_name":"Miele - #WIRSINDZUKUNFT","article_modified_time":"2024-10-01T12:36:51+00:00","twitter_card":"summary_large_image","schema":{"@context":"https:\/\/schema.org","@graph":[{"@type":"WebPage","@id":"https:\/\/mielewsz.ch\/it\/condizioni-di-utilizzo\/","url":"https:\/\/mielewsz.ch\/it\/condizioni-di-utilizzo\/","name":"Condizioni di utilizzo - Miele - #WIRSINDZUKUNFT","isPartOf":{"@id":"https:\/\/mielewsz.ch\/it\/#website"},"datePublished":"2024-09-26T08:54:46+00:00","dateModified":"2024-10-01T12:36:51+00:00","breadcrumb":{"@id":"https:\/\/mielewsz.ch\/it\/condizioni-di-utilizzo\/#breadcrumb"},"inLanguage":"it-IT","potentialAction":[{"@type":"ReadAction","target":["https:\/\/mielewsz.ch\/it\/condizioni-di-utilizzo\/"]}]},{"@type":"BreadcrumbList","@id":"https:\/\/mielewsz.ch\/it\/condizioni-di-utilizzo\/#breadcrumb","itemListElement":[{"@type":"ListItem","position":1,"name":"Startseite","item":"https:\/\/mielewsz.ch\/it\/miele-wirsindfuture\/"},{"@type":"ListItem","position":2,"name":"Condizioni di utilizzo"}]},{"@type":"WebSite","@id":"https:\/\/mielewsz.ch\/it\/#website","url":"https:\/\/mielewsz.ch\/it\/","name":"Miele - #WIRSINDZUKUNFT","description":"Die Kampagne #WIRSINDZUKUNFT animiert die Schweizer Haushalte zu mehr Nachhaltigkeit, Energieeffizienz und Klimaschutz im eigenen Alltag.","publisher":{"@id":"https:\/\/mielewsz.ch\/it\/#organization"},"potentialAction":[{"@type":"SearchAction","target":{"@type":"EntryPoint","urlTemplate":"https:\/\/mielewsz.ch\/it\/?s={search_term_string}"},"query-input":{"@type":"PropertyValueSpecification","valueRequired":true,"valueName":"search_term_string"}}],"inLanguage":"it-IT"},{"@type":"Organization","@id":"https:\/\/mielewsz.ch\/it\/#organization","name":"Miele Schweiz","url":"https:\/\/mielewsz.ch\/it\/","logo":{"@type":"ImageObject","inLanguage":"it-IT","@id":"https:\/\/mielewsz.ch\/it\/#\/schema\/logo\/image\/","url":"https:\/\/mielewsz.ch\/wp-content\/uploads\/2022\/01\/Miele_Logo_Red.svg","contentUrl":"https:\/\/mielewsz.ch\/wp-content\/uploads\/2022\/01\/Miele_Logo_Red.svg","width":1,"height":1,"caption":"Miele Schweiz"},"image":{"@id":"https:\/\/mielewsz.ch\/it\/#\/schema\/logo\/image\/"}}]}},"_links":{"self":[{"href":"https:\/\/mielewsz.ch\/it\/wp-json\/wp\/v2\/pages\/4095"}],"collection":[{"href":"https:\/\/mielewsz.ch\/it\/wp-json\/wp\/v2\/pages"}],"about":[{"href":"https:\/\/mielewsz.ch\/it\/wp-json\/wp\/v2\/types\/page"}],"author":[{"embeddable":true,"href":"https:\/\/mielewsz.ch\/it\/wp-json\/wp\/v2\/users\/1"}],"replies":[{"embeddable":true,"href":"https:\/\/mielewsz.ch\/it\/wp-json\/wp\/v2\/comments?post=4095"}],"version-history":[{"count":6,"href":"https:\/\/mielewsz.ch\/it\/wp-json\/wp\/v2\/pages\/4095\/revisions"}],"predecessor-version":[{"id":4124,"href":"https:\/\/mielewsz.ch\/it\/wp-json\/wp\/v2\/pages\/4095\/revisions\/4124"}],"wp:attachment":[{"href":"https:\/\/mielewsz.ch\/it\/wp-json\/wp\/v2\/media?parent=4095"}],"curies":[{"name":"wp","href":"https:\/\/api.w.org\/{rel}","templated":true}]}}